{"id":13460,"date":"2025-10-15T14:55:23","date_gmt":"2025-10-15T17:55:23","guid":{"rendered":"https:\/\/somosaregenerativa.com.br\/loja\/?page_id=13460"},"modified":"2025-10-20T15:09:43","modified_gmt":"2025-10-20T18:09:43","slug":"minha-conta","status":"publish","type":"page","link":"https:\/\/somosaregenerativa.com.br\/loja\/minha-conta\/","title":{"rendered":"Minha Conta"},"content":{"rendered":"\t\t<div data-elementor-type=\"wp-page\" data-elementor-id=\"13460\" class=\"elementor elementor-13460\" data-elementor-post-type=\"page\">\n\t\t\t\t<div class=\"elementor-element elementor-element-5985b64 section-about-pbk e-con-full e-flex e-con e-parent\" data-id=\"5985b64\" data-element_type=\"container\">\n\t\t<div class=\"elementor-element elementor-element-602776a6 e-flex e-con-boxed e-con e-child\" data-id=\"602776a6\" data-element_type=\"container\">\n\t\t\t\t\t<div class=\"e-con-inner\">\n\t\t\t\t<div class=\"elementor-element elementor-element-f000347 elementor-widget elementor-widget-heading\" data-id=\"f000347\" data-element_type=\"widget\" data-widget_type=\"heading.default\">\n\t\t\t\t<div class=\"elementor-widget-container\">\n\t\t\t\t\t<h2 class=\"elementor-heading-title elementor-size-default\">Minha Conta<\/h2>\t\t\t\t<\/div>\n\t\t\t\t<\/div>\n\t\t\t\t<div class=\"elementor-element elementor-element-fefac3e e-my-account-tabs-vertical elementor-widget elementor-widget-woocommerce-my-account\" data-id=\"fefac3e\" data-element_type=\"widget\" data-widget_type=\"woocommerce-my-account.default\">\n\t\t\t\t<div class=\"elementor-widget-container\">\n\t\t\t\t\t<div class=\"e-my-account-tab e-my-account-tab__ \">\t\t\t<div class=\"woocommerce\"><\/div>\t\t<\/div>\n\t\t\t\t\t\t<\/div>\n\t\t\t\t<\/div>\n\t\t\t\t\t<\/div>\n\t\t\t\t<\/div>\n\t\t\t\t<\/div>\n\t\t\t\t<\/div>\n\t\t","protected":false},"excerpt":{"rendered":"<p>Minha Conta Painel de Controle Pedidos Downloads Endere\u00e7os Detalhes da conta Carteira Sair Ol\u00e1, rgnadm (n\u00e3o \u00e9 rgnadm? Sair) A partir do painel de controle de sua conta, voc\u00ea pode ver suas compras recentes, gerenciar seus endere\u00e7os de entrega e cobran\u00e7a, e editar sua senha e detalhes da conta. Ir para o Painel do Fornecedor<\/p>\n","protected":false},"author":5,"featured_media":0,"parent":0,"menu_order":0,"comment_status":"closed","ping_status":"closed","template":"elementor_header_footer","meta":{"footnotes":""},"class_list":["post-13460","page","type-page","status-publish","hentry"],"_links":{"self":[{"href":"https:\/\/somosaregenerativa.com.br\/loja\/wp-json\/wp\/v2\/pages\/13460","targetHints":{"allow":["GET"]}}],"collection":[{"href":"https:\/\/somosaregenerativa.com.br\/loja\/wp-json\/wp\/v2\/pages"}],"about":[{"href":"https:\/\/somosaregenerativa.com.br\/loja\/wp-json\/wp\/v2\/types\/page"}],"author":[{"embeddable":true,"href":"https:\/\/somosaregenerativa.com.br\/loja\/wp-json\/wp\/v2\/users\/5"}],"replies":[{"embeddable":true,"href":"https:\/\/somosaregenerativa.com.br\/loja\/wp-json\/wp\/v2\/comments?post=13460"}],"version-history":[{"count":28,"href":"https:\/\/somosaregenerativa.com.br\/loja\/wp-json\/wp\/v2\/pages\/13460\/revisions"}],"predecessor-version":[{"id":13651,"href":"https:\/\/somosaregenerativa.com.br\/loja\/wp-json\/wp\/v2\/pages\/13460\/revisions\/13651"}],"wp:attachment":[{"href":"https:\/\/somosaregenerativa.com.br\/loja\/wp-json\/wp\/v2\/media?parent=13460"}],"curies":[{"name":"wp","href":"https:\/\/api.w.org\/{rel}","templated":true}]}}