{"id":1061,"date":"2023-10-06T18:31:21","date_gmt":"2023-10-06T21:31:21","guid":{"rendered":"https:\/\/somosaregenerativa.com.br\/loja\/?post_type=product&#038;p=1061"},"modified":"2025-11-26T09:27:53","modified_gmt":"2025-11-26T12:27:53","slug":"leveluk-sd501","status":"publish","type":"product","link":"https:\/\/somosaregenerativa.com.br\/loja\/produto\/leveluk-sd501\/","title":{"rendered":"Leveluk SD501"},"content":{"rendered":"<p>A LeveLuk SD501 Platinum apresenta um design moderno, renovado e orientado para se integrar nos ambientes modernos atuais. O equipamento SD501 Platinum, sistema gerador cont\u00ednuo de \u00e1gua ionizada por eletr\u00f3lise.<\/p>\n<p>Equipado com a mais robusta c\u00e2mara de eletr\u00f3lise integrada, apresenta um grande painel LCD com comandos de voz precisos, \u00e9 a l\u00edder da s\u00e9rie. Com um design compacto e f\u00e1cil de usar, a SD501 Platinum, apresenta 7 placas de Titanium revestidas de platina grau m\u00e9dico.<\/p>\n<p>O painel LCD \u00e9 claro e vis\u00edvel. As orienta\u00e7\u00f5es de voz servem de guia para produzir 7 tipos de \u00e1gua (3 \u00c1guas Kangen, \u00c1gua de Beleza, \u00c1gua Super \u00c1cida e \u00c1gua Neutra) com pH \u2018s diferentes. Extremamente simples de usar, bastando apenas um toque de bot\u00e3o e mantendo controle efetivo de cada \u00e1gua.<\/p>\n<p>De forma a tornar mais f\u00e1cil a utiliza\u00e7\u00e3o do aparelho LeveLuk SD501 Platinum, por todo o mundo, o texto e as instru\u00e7\u00f5es de voz podem ser alteradas entre Ingl\u00eas, Espanhol, Italiano, Franc\u00eas e Alem\u00e3o.<\/p>\n<p>\u00c9 f\u00e1cil de usar gra\u00e7as ao painel LCD e \u00e0 orienta\u00e7\u00e3o por voz.<\/p>\n<p>Ficou interessado em adquirir uma m\u00e1quina para seu consult\u00f3rio ou resid\u00eancia? Basta preencher o formul\u00e1rio a seguir que um dos distribuidores Enagic Credenciado Regenerativa de sua regi\u00e3o ir\u00e1 atend\u00ea-lo.<\/p>\n","protected":false},"excerpt":{"rendered":"<p>Desejando implementar o PBK na sua cl\u00ednica ou consult\u00f3rio odontol\u00f3gico, entre em contato conosco para obter todas as informa\u00e7\u00f5es e esclarecer d\u00favidas.<\/p>\n","protected":false},"featured_media":1064,"comment_status":"open","ping_status":"closed","template":"","meta":[],"product_brand":[],"product_cat":[22,127],"product_tag":[],"class_list":{"0":"post-1061","1":"product","2":"type-product","3":"status-publish","4":"has-post-thumbnail","6":"product_cat-estacoes-de-tratamento","7":"product_cat-todos","9":"first","10":"instock","11":"shipping-taxable","12":"product-type-grouped"},"_links":{"self":[{"href":"https:\/\/somosaregenerativa.com.br\/loja\/wp-json\/wp\/v2\/product\/1061","targetHints":{"allow":["GET"]}}],"collection":[{"href":"https:\/\/somosaregenerativa.com.br\/loja\/wp-json\/wp\/v2\/product"}],"about":[{"href":"https:\/\/somosaregenerativa.com.br\/loja\/wp-json\/wp\/v2\/types\/product"}],"replies":[{"embeddable":true,"href":"https:\/\/somosaregenerativa.com.br\/loja\/wp-json\/wp\/v2\/comments?post=1061"}],"wp:featuredmedia":[{"embeddable":true,"href":"https:\/\/somosaregenerativa.com.br\/loja\/wp-json\/wp\/v2\/media\/1064"}],"wp:attachment":[{"href":"https:\/\/somosaregenerativa.com.br\/loja\/wp-json\/wp\/v2\/media?parent=1061"}],"wp:term":[{"taxonomy":"product_brand","embeddable":true,"href":"https:\/\/somosaregenerativa.com.br\/loja\/wp-json\/wp\/v2\/product_brand?post=1061"},{"taxonomy":"product_cat","embeddable":true,"href":"https:\/\/somosaregenerativa.com.br\/loja\/wp-json\/wp\/v2\/product_cat?post=1061"},{"taxonomy":"product_tag","embeddable":true,"href":"https:\/\/somosaregenerativa.com.br\/loja\/wp-json\/wp\/v2\/product_tag?post=1061"}],"curies":[{"name":"wp","href":"https:\/\/api.w.org\/{rel}","templated":true}]}}