{"id":1065,"date":"2023-10-06T18:33:53","date_gmt":"2023-10-06T21:33:53","guid":{"rendered":"https:\/\/somosaregenerativa.com.br\/loja\/?post_type=product&#038;p=1065"},"modified":"2025-11-26T09:28:05","modified_gmt":"2025-11-26T12:28:05","slug":"leveluk-k8","status":"publish","type":"product","link":"https:\/\/somosaregenerativa.com.br\/loja\/produto\/leveluk-k8\/","title":{"rendered":"LEVELUK K8"},"content":{"rendered":"<p>Al\u00e9m de possuir as caracter\u00edsticas do modelo anterior ainda mais aprimoradas, a vantagem principal que esse modelo de purificador da Kangen possui \u00e9 a adi\u00e7\u00e3o de magn\u00e9sio, um mineral extremamente importante para a sa\u00fade do corpo humano desempenhando um papel em mais de 300 rea\u00e7\u00f5es enzim\u00e1ticas no corpo humano. Suas muitas fun\u00e7\u00f5es incluem ajudar na fun\u00e7\u00e3o muscular e nervosa, regular a press\u00e3o sangu\u00ednea e fortalecer o sistema imunol\u00f3gico.<\/p>\n<p>Ademais, o purificador elimina 95% ou mais do n\u00edvel inicial de cloro que vem na \u00e1gua do abastecimento p\u00fablico. Com isso, a \u00e1gua que voc\u00ea utiliza para beber e realizar demais afazeres em sua cozinha \u00e9 muito mais adequada.<\/p>\n<p>Outra vantagem \u00e9 a praticidade na limpeza, pois o equipamento possui um sistema de limpeza autom\u00e1tica da c\u00e2mara, que permite que voc\u00ea sempre use o purificador limpo. Al\u00e9m disso, a troca de filtro \u00e9 necess\u00e1ria apenas a cada 6 mil litros.<\/p>\n<p>Assim, o purificador Leveluk k8 \u00e9 um modelo muito especial que atende \u00e0s suas necessidades em diferentes n\u00edveis e prima sempre pela m\u00e1xima qualidade das \u00e1guas oferecidas.<\/p>\n","protected":false},"excerpt":{"rendered":"<p>O purificador Leveluk k8 \u00e9 um modelo muito especial que atende \u00e0s suas necessidades em diferentes n\u00edveis e prima sempre pela m\u00e1xima qualidade das \u00e1guas oferecidas.<\/p>\n","protected":false},"featured_media":1063,"comment_status":"open","ping_status":"closed","template":"","meta":[],"product_brand":[],"product_cat":[22,127],"product_tag":[],"class_list":{"0":"post-1065","1":"product","2":"type-product","3":"status-publish","4":"has-post-thumbnail","6":"product_cat-estacoes-de-tratamento","7":"product_cat-todos","9":"first","10":"outofstock","11":"shipping-taxable","12":"product-type-variable"},"_links":{"self":[{"href":"https:\/\/somosaregenerativa.com.br\/loja\/wp-json\/wp\/v2\/product\/1065","targetHints":{"allow":["GET"]}}],"collection":[{"href":"https:\/\/somosaregenerativa.com.br\/loja\/wp-json\/wp\/v2\/product"}],"about":[{"href":"https:\/\/somosaregenerativa.com.br\/loja\/wp-json\/wp\/v2\/types\/product"}],"replies":[{"embeddable":true,"href":"https:\/\/somosaregenerativa.com.br\/loja\/wp-json\/wp\/v2\/comments?post=1065"}],"wp:featuredmedia":[{"embeddable":true,"href":"https:\/\/somosaregenerativa.com.br\/loja\/wp-json\/wp\/v2\/media\/1063"}],"wp:attachment":[{"href":"https:\/\/somosaregenerativa.com.br\/loja\/wp-json\/wp\/v2\/media?parent=1065"}],"wp:term":[{"taxonomy":"product_brand","embeddable":true,"href":"https:\/\/somosaregenerativa.com.br\/loja\/wp-json\/wp\/v2\/product_brand?post=1065"},{"taxonomy":"product_cat","embeddable":true,"href":"https:\/\/somosaregenerativa.com.br\/loja\/wp-json\/wp\/v2\/product_cat?post=1065"},{"taxonomy":"product_tag","embeddable":true,"href":"https:\/\/somosaregenerativa.com.br\/loja\/wp-json\/wp\/v2\/product_tag?post=1065"}],"curies":[{"name":"wp","href":"https:\/\/api.w.org\/{rel}","templated":true}]}}